{"id":1154,"date":"2022-02-23T15:08:51","date_gmt":"2022-02-23T14:08:51","guid":{"rendered":"https:\/\/www.birken-hof.at\/datenschutz\/"},"modified":"2022-12-15T14:56:28","modified_gmt":"2022-12-15T13:56:28","slug":"datenschutz","status":"publish","type":"page","link":"https:\/\/www.birken-hof.at\/en\/datenschutz\/","title":{"rendered":"Datenschutz"},"content":{"rendered":"\n<h1>\n\t\tDatenschutzerkl\u00e4rung\n\t<\/h1>\n\tLiebe G\u00e4ste!<br \/>\nHiermit m\u00f6chten wir Sie \u00fcber die Erhebung Ihrer pers\u00f6nlichen Daten informieren! Seit 25. Mai 2018 gilt die\u00a0<b>EU-Datenschutzgrundverordnung\u00a0(DSGVO)<\/b>, die den Schutz f\u00fcr Ihre pers\u00f6nlichen Daten verbessert.\n<p>Der Schutz Ihrer pers\u00f6nlichen Daten ist uns ein besonderes Anliegen. Wir verarbeiten Ihre Daten daher ausschlie\u00dflich auf Grundlage der gesetzlichen Bestimmungen (DSGVO, TKG 2003). In diesen Datenschutzinformationen informieren wir Sie \u00fcber die wichtigsten Aspekte der Datenverarbeitung im Rahmen unserer Website.<\/p>\n<h2>SSL- bzw. TLS-Verschl\u00fcsselung<\/h2>\n<p>Diese Seite nutzt aus Sicherheitsgr\u00fcnden und zum Schutz der \u00dcbertragung vertraulicher Inhalte, wie zum Beispiel Bestellungen oder Anfragen, die Sie an uns als Seitenbetreiber senden, eine SSL-bzw. TLS-Verschl\u00fcsselung. Eine verschl\u00fcsselte Verbindung erkennen Sie daran, dass die Adresszeile des Browsers von &#8220;http:\/\/&#8221; auf &#8220;https:\/\/&#8221; wechselt und an dem Schloss-Symbol in Ihrer Browserzeile. Wenn die SSL- bzw. TLS-Verschl\u00fcsselung aktiviert ist, k\u00f6nnen die Daten, die Sie an uns \u00fcbermitteln, nicht von Dritten mitgelesen werden.<\/p>\n<h2>Server Logfiles<\/h2>\n<p>Bei den Server Logfiles handelt es sich um anonymisierte Daten, die bei Ihrem Zugriff auf unsere Webseite erfasst werden. Diese Informationen erm\u00f6glichen keine R\u00fcckschl\u00fcsse auf Sie pers\u00f6nlich, sind aber aus technischen Gr\u00fcnden f\u00fcr die Auslieferung und Darstellung unserer Inhalte unverzichtbar. Weiterhin dienen Sie unserer Statistik und der st\u00e4ndigen Optimierung unserer Inhalte. Typische Logfiles sind das Datum und die Zeit des Zugriffs, die Datenmenge, der f\u00fcr den Zugriff benutzte Browser und seine Version, das eingesetzte Betriebssystem, der Domainname des von Ihnen beauftragten Providers, die Seite, von der Sie zu unserem Angebot gekommen sind (Referrer-URL) und Ihre IP-Adresse. Logfiles erm\u00f6glichen au\u00dferdem eine genaue Pr\u00fcfung bei Verdacht auf eine rechtswidrige Nutzung unserer Webseite.<\/p>\n<h2>Cookies<\/h2>\n<p>Unsere Website verwendet keine Cookies.<\/p>\n<h2>Kontakt mit uns<\/h2>\n<p>Ihre &#8211; bei uns gespeicherten personenbezogenen\u00a0&#8211;\u00a0Daten werden zur direkten Kommunikation:<\/p>\n<ul>\n<li><b>Reservierung und Rechnungslegung<\/b><\/li>\n<li><b>Zusenden von\u00a0Angeboten<\/b><\/li>\n<li><b>\u00dcbermittlung von\u00a0Informationen, unsere Ferienapartments\u00a0betreffend<\/b><\/li>\n<li><b>Hinweise auf Neuigkeiten, Aktionen und Begebenheiten.<\/b><\/li>\n<\/ul>\n<p>zwischen Ihnen und den\u00a0<b>Ferienapartments Birkenhof<\/b>\u00a0verwendet.\u00a0<b>Diese Daten werden nicht an Dritte weitergegeben und von uns\u00a0vertraulich behandelt\u00a0<\/b>(Ausnahme: Weitergabe an das \u00f6rtliche G\u00e4stemeldeamt der Gemeinde Radenthein &#8211; G\u00e4ste-Meldeschein: gesetzlich vorgeschrieben &#8211; und der Millst\u00e4tter See Tourismus GmbH zum Zwecke von\u00a0Abwicklungen Ihrer Vorteilskarten [MIC, K\u00e4rntenCard&#8230;])<b>.<\/b><\/p>\n<p>Gerne informieren wir sie auch weiterhin \u00fcber unsere Aktivit\u00e4ten. Mit Inkrafttreten der Europ\u00e4ischen Datenschutzgrundverordnung (DSGVO) ben\u00f6tigen wir jedoch Ihre\u00a0<b>ausdr\u00fcckliche Zustimmung<\/b>\u00a0zur\u00a0<b>Speicherung Ihrer pers\u00f6nlichen Daten<\/b>\u00a0zum Zwecke der vorgenannten Kommunikation mit Ihnen.<\/p>\n\t<h2>Inhalte und Dienste von Drittanbietern<\/h2>\n<strong>Feratel DESKLINE Online-Buchungen und Buchungsanfragen<br \/>\n<\/strong>F\u00fcr die Bearbeitung von Online-Buchungen und Anfragen verarbeiten wir Ihre personenbezogenen Daten, um ihnen die gebuchten Leistungen zur Verf\u00fcgung stellen zu k\u00f6nnen mit Hilfe unseres Dienstleisters feratel Media Technologies AG (Maria-Theresien-Stra\u00dfe 8, A-6020 Innsbruck). Dazu speichern und verarbeiten wir Bestandsdaten, Kommunikationsdaten, Vertragsdaten, Zahlungsdaten unserer Kunden, Interessenten und anderer Gesch\u00e4ftspartner. Die Verarbeitung erfolgt zum Zweck der Erbringung von Vertragsleistungen bzw. zur Erf\u00fcllung von vorvertraglichen Leistungen auf Basis der Rechtsgrundlagen des Art. 6 (1) lit. b DSGVO (Buchungsvorg\u00e4nge und Beantwortung von Angebotsanfragen) sowie des Art. 6 (1) lit. c DSGVO (gesetzlich erforderliche Aufbewahrungsfristen von Buchungen bzw. Rechnungen). Dazu sind die als erforderlich gekennzeichneten Datenfelder zur Begr\u00fcndung und Erf\u00fcllung des Vertrages erforderlich. Wir offenbaren Ihre personenbezogenen Daten im Rahmen dieser Datenverarbeitungen Dritten (Partner oder andere touristische Servicedienstleister) auf Basis der Rechtsgrundlage des Art. 6 (1) lit. b DSGVO (wenn es zur Abwicklung eines Buchungsvorganges notwendig ist), oder auf Grundlage unseres berechtigten Interesses gem. Art. 6 (1) lit. f DSGVO f\u00fcr den Einsatz entsprechender Buchungssoftware. Wir haben mit der Firma feratel eine entsprechende Vereinbarung gem. Art. 28 DSGVO als Auftragsverarbeiter abgeschlossen, die sicherstellt, dass Ihre Daten ausschlie\u00dflich im Rahmen unseres Auftrags verarbeitet werden. Weitere Informationen zum Datenschutz von feratel finden Sie unter: <a href=\"https:\/\/www.feratel.com\/datenschutz.html\" target=\"_blank\" rel=\"noopener noreferrer\">https:\/\/www.feratel.com\/datenschutz.html<\/a>.\n<p>&nbsp;<\/p>\n<h2>Ihre Rechte<\/h2>\n<p>Ihnen stehen grunds\u00e4tzlich die Rechte auf Auskunft, Berichtigung, L\u00f6schung, Einschr\u00e4nkung, Daten\u00fcbertragbarkeit, Widerruf und Widerspruch zu. Wenn Sie glauben, dass die Verarbeitung Ihrer Daten gegen das Datenschutzrecht verst\u00f6\u00dft oder Ihre datenschutzrechtlichen Anspr\u00fcche sonst in einer Weise verletzt worden sind, k\u00f6nnen Sie sich bei der Aufsichtsbeh\u00f6rde beschweren. In \u00d6sterreich ist dies die Datenschutzbeh\u00f6rde.<\/p>\n<h2>Sie erreichen uns unter folgenden Kontaktdaten:<\/h2>\n<strong>Familie K. Steinberger<\/strong><br \/>\n<a href=\"https:\/\/goo.gl\/maps\/78Dajjujq4UTqgM97\" target=\"_blank\" rel=\"noopener\">Seestra\u00dfe 72<\/a><br \/>\n9873 D\u00f6briach am Millst\u00e4tter See<br \/>\nT:\u00a0<a href=\"tel:+4342467201\">+43 4246 7201<\/a><br \/>\nM:\u00a0<a href=\"tel:+436644320950\">+43 664 43 20 950<\/a><br \/>\ninfo@birken-hof.at\n\n","protected":false},"excerpt":{"rendered":"<p>Datenschutzerkl\u00e4rung Liebe G\u00e4ste! Hiermit m\u00f6chten wir Sie \u00fcber die Erhebung Ihrer pers\u00f6nlichen Daten informieren! Seit 25. Mai 2018 gilt die\u00a0EU-Datenschutzgrundverordnung\u00a0(DSGVO), die den Schutz f\u00fcr Ihre pers\u00f6nlichen Daten verbessert. Der Schutz Ihrer pers\u00f6nlichen Daten ist uns ein besonderes Anliegen. Wir verarbeiten Ihre Daten daher ausschlie\u00dflich auf Grundlage der gesetzlichen Bestimmungen (DSGVO, TKG 2003). In diesen Datenschutzinformationen [&hellip;]<\/p>\n","protected":false},"author":1,"featured_media":0,"parent":0,"menu_order":0,"comment_status":"closed","ping_status":"closed","template":"","meta":{"site-sidebar-layout":"default","site-content-layout":"default","ast-site-content-layout":"default","site-content-style":"default","site-sidebar-style":"default","ast-global-header-display":"","ast-banner-title-visibility":"","ast-main-header-display":"","ast-hfb-above-header-display":"","ast-hfb-below-header-display":"","ast-hfb-mobile-header-display":"","site-post-title":"disabled","ast-breadcrumbs-content":"","ast-featured-img":"disabled","footer-sml-layout":"","ast-disable-related-posts":"","theme-transparent-header-meta":"default","adv-header-id-meta":"","stick-header-meta":"default","header-above-stick-meta":"","header-main-stick-meta":"","header-below-stick-meta":"","astra-migrate-meta-layouts":"default","ast-page-background-enabled":"default","ast-page-background-meta":{"desktop":{"background-color":"var(--ast-global-color-4)","background-image":"","background-repeat":"repeat","background-position":"center center","background-size":"auto","background-attachment":"scroll","background-type":"","background-media":"","overlay-type":"","overlay-color":"","overlay-opacity":"","overlay-gradient":""},"tablet":{"background-color":"","background-image":"","background-repeat":"repeat","background-position":"center center","background-size":"auto","background-attachment":"scroll","background-type":"","background-media":"","overlay-type":"","overlay-color":"","overlay-opacity":"","overlay-gradient":""},"mobile":{"background-color":"","background-image":"","background-repeat":"repeat","background-position":"center center","background-size":"auto","background-attachment":"scroll","background-type":"","background-media":"","overlay-type":"","overlay-color":"","overlay-opacity":"","overlay-gradient":""}},"ast-content-background-meta":{"desktop":{"background-color":"var(--ast-global-color-5)","background-image":"","background-repeat":"repeat","background-position":"center center","background-size":"auto","background-attachment":"scroll","background-type":"","background-media":"","overlay-type":"","overlay-color":"","overlay-opacity":"","overlay-gradient":""},"tablet":{"background-color":"var(--ast-global-color-5)","background-image":"","background-repeat":"repeat","background-position":"center center","background-size":"auto","background-attachment":"scroll","background-type":"","background-media":"","overlay-type":"","overlay-color":"","overlay-opacity":"","overlay-gradient":""},"mobile":{"background-color":"var(--ast-global-color-5)","background-image":"","background-repeat":"repeat","background-position":"center center","background-size":"auto","background-attachment":"scroll","background-type":"","background-media":"","overlay-type":"","overlay-color":"","overlay-opacity":"","overlay-gradient":""}},"footnotes":""},"class_list":["post-1154","page","type-page","status-publish","hentry"],"_links":{"self":[{"href":"https:\/\/www.birken-hof.at\/en\/wp-json\/wp\/v2\/pages\/1154","targetHints":{"allow":["GET"]}}],"collection":[{"href":"https:\/\/www.birken-hof.at\/en\/wp-json\/wp\/v2\/pages"}],"about":[{"href":"https:\/\/www.birken-hof.at\/en\/wp-json\/wp\/v2\/types\/page"}],"author":[{"embeddable":true,"href":"https:\/\/www.birken-hof.at\/en\/wp-json\/wp\/v2\/users\/1"}],"replies":[{"embeddable":true,"href":"https:\/\/www.birken-hof.at\/en\/wp-json\/wp\/v2\/comments?post=1154"}],"version-history":[{"count":2,"href":"https:\/\/www.birken-hof.at\/en\/wp-json\/wp\/v2\/pages\/1154\/revisions"}],"predecessor-version":[{"id":1181,"href":"https:\/\/www.birken-hof.at\/en\/wp-json\/wp\/v2\/pages\/1154\/revisions\/1181"}],"wp:attachment":[{"href":"https:\/\/www.birken-hof.at\/en\/wp-json\/wp\/v2\/media?parent=1154"}],"curies":[{"name":"wp","href":"https:\/\/api.w.org\/{rel}","templated":true}]}}